{"id":8859,"date":"2025-06-10T10:54:10","date_gmt":"2025-06-10T10:54:10","guid":{"rendered":"https:\/\/ilgtermina-noma.lv\/contacts\/"},"modified":"2026-02-18T20:13:53","modified_gmt":"2026-02-18T20:13:53","slug":"contacts","status":"publish","type":"page","link":"https:\/\/ilgtermina-noma.lv\/en\/contacts\/","title":{"rendered":"Contacts"},"content":{"rendered":"\t\t<div data-elementor-type=\"wp-page\" data-elementor-id=\"8859\" class=\"elementor elementor-8859 elementor-8800\">\n\t\t\t\t<div class=\"elementor-element elementor-element-399af12 e-flex e-con-boxed e-con e-parent\" data-id=\"399af12\" data-element_type=\"container\" data-e-type=\"container\">\n\t\t\t\t\t<div class=\"e-con-inner\">\n\t\t<div class=\"elementor-element elementor-element-37c2e3c e-con-full e-flex e-con e-child\" data-id=\"37c2e3c\" data-element_type=\"container\" data-e-type=\"container\">\n\t\t\t\t<div class=\"elementor-element elementor-element-bd3f947 elementor-widget elementor-widget-pressmart_contactus\" data-id=\"bd3f947\" data-element_type=\"widget\" data-e-type=\"widget\" data-widget_type=\"pressmart_contactus.default\">\n\t\t\t\t<div class=\"elementor-widget-container\">\n\t\t\t\t\t<div class=\"pressmart-element pressmart-contact-us shape-square\">\n\t\t<h3> Contacts <\/h3>\n\t\n<div class=\"wpcf7 no-js\" id=\"wpcf7-f2055-o1\" lang=\"lv-LV\" dir=\"ltr\" data-wpcf7-id=\"2055\">\n<div class=\"screen-reader-response\"><p role=\"status\" aria-live=\"polite\" aria-atomic=\"true\"><\/p> <ul><\/ul><\/div>\n<form action=\"\/en\/wp-json\/wp\/v2\/pages\/8859#wpcf7-f2055-o1\" method=\"post\" class=\"wpcf7-form init\" aria-label=\"Contact form\" novalidate=\"novalidate\" data-status=\"init\">\n<fieldset class=\"hidden-fields-container\"><input type=\"hidden\" name=\"_wpcf7\" value=\"2055\" \/><input type=\"hidden\" name=\"_wpcf7_version\" value=\"6.1.5\" \/><input type=\"hidden\" name=\"_wpcf7_locale\" value=\"lv_LV\" \/><input type=\"hidden\" name=\"_wpcf7_unit_tag\" value=\"wpcf7-f2055-o1\" \/><input type=\"hidden\" name=\"_wpcf7_container_post\" value=\"0\" \/><input type=\"hidden\" name=\"_wpcf7_posted_data_hash\" value=\"\" \/><input type=\"hidden\" name=\"_wpcf7_recaptcha_response\" value=\"\" \/>\n<\/fieldset>\n<p><span class=\"wpcf7-form-control-wrap\" data-name=\"your-name\"><input size=\"40\" maxlength=\"400\" class=\"wpcf7-form-control wpcf7-text wpcf7-validates-as-required\" aria-required=\"true\" aria-invalid=\"false\" placeholder=\"V\u0101rds*\" value=\"\" type=\"text\" name=\"your-name\" \/><\/span>\n<\/p>\n<p><span class=\"wpcf7-form-control-wrap\" data-name=\"tel-925\"><input size=\"40\" maxlength=\"400\" class=\"wpcf7-form-control wpcf7-tel wpcf7-validates-as-required wpcf7-text wpcf7-validates-as-tel\" autocomplete=\"tel\" aria-required=\"true\" aria-invalid=\"false\" placeholder=\"T\u0101lrunis*\" value=\"\" type=\"tel\" name=\"tel-925\" \/><\/span>\n<\/p>\n<p><span class=\"wpcf7-form-control-wrap\" data-name=\"your-email\"><input size=\"40\" maxlength=\"400\" class=\"wpcf7-form-control wpcf7-email wpcf7-validates-as-required wpcf7-text wpcf7-validates-as-email\" aria-required=\"true\" aria-invalid=\"false\" placeholder=\"E-pasta adrese*\" value=\"\" type=\"email\" name=\"your-email\" \/><\/span>\n<\/p>\n<p><span class=\"wpcf7-form-control-wrap\" data-name=\"your-message\"><textarea cols=\"40\" rows=\"10\" maxlength=\"2000\" class=\"wpcf7-form-control wpcf7-textarea\" aria-invalid=\"false\" placeholder=\"Papildus inform\u0101cija\" name=\"your-message\"><\/textarea><\/span>\n<\/p>\n<p><span class=\"wpcf7-form-control-wrap\" data-name=\"acceptance-106\"><span class=\"wpcf7-form-control wpcf7-acceptance optional\"><span class=\"wpcf7-list-item\"><label><input type=\"checkbox\" name=\"acceptance-106\" value=\"1\" aria-invalid=\"false\" \/><span class=\"wpcf7-list-item-label\">Esmu izlas\u012bjis un piekr\u012btu vietnes <a href=\"\/privatuma-politika\/\">noteikumiem un nosac\u012bjumiem<\/a><\/span><\/label><\/span><\/span><\/span>\n<\/p>\n<p><input class=\"wpcf7-form-control wpcf7-submit has-spinner\" type=\"submit\" value=\"S\u016bt\u012bt zi\u0146u\" \/>\n<\/p>\n<div class=\"wpcf7-response-output\" aria-hidden=\"true\"><\/div>\n<\/form>\n<\/div>\n<\/div>\t\t\t\t<\/div>\n\t\t\t\t<\/div>\n\t\t\t\t<\/div>\n\t\t<div class=\"elementor-element elementor-element-751806f e-con-full e-flex e-con e-child\" data-id=\"751806f\" data-element_type=\"container\" data-e-type=\"container\">\n\t\t\t\t<div class=\"elementor-element elementor-element-fc4509e elementor-widget elementor-widget-google_maps\" data-id=\"fc4509e\" data-element_type=\"widget\" data-e-type=\"widget\" data-widget_type=\"google_maps.default\">\n\t\t\t\t\t\t\t<div class=\"elementor-custom-embed\">\n\t\t\t<iframe loading=\"lazy\"\n\t\t\t\t\tsrc=\"https:\/\/maps.google.com\/maps?q=primecarrent%20riga&#038;t=m&#038;z=12&#038;output=embed&#038;iwloc=near\"\n\t\t\t\t\ttitle=\"primecarrent riga\"\n\t\t\t\t\taria-label=\"primecarrent riga\"\n\t\t\t><\/iframe>\n\t\t<\/div>\n\t\t\t\t\t\t<\/div>\n\t\t\t\t<\/div>\n\t\t\t\t\t<\/div>\n\t\t\t\t<\/div>\n\t\t\t\t<\/div>\n\t\t","protected":false},"excerpt":{"rendered":"<p>Contacts Esmu izlas\u012bjis un piekr\u012btu vietnes noteikumiem un nosac\u012bjumiem<\/p>\n","protected":false},"author":1,"featured_media":4719,"parent":0,"menu_order":0,"comment_status":"closed","ping_status":"closed","template":"","meta":{"footnotes":""},"class_list":["post-8859","page","type-page","status-publish","has-post-thumbnail","hentry"],"yoast_head":"<!-- This site is optimized with the Yoast SEO plugin v27.4 - https:\/\/yoast.com\/product\/yoast-seo-wordpress\/ -->\n<title>Contacts &#8211; Long-term car rental<\/title>\n<meta name=\"robots\" content=\"index, follow, max-snippet:-1, max-image-preview:large, max-video-preview:-1\" \/>\n<link rel=\"canonical\" href=\"https:\/\/ilgtermina-noma.lv\/en\/contacts\/\" \/>\n<meta property=\"og:locale\" content=\"en_US\" \/>\n<meta property=\"og:type\" content=\"article\" \/>\n<meta property=\"og:title\" content=\"Contacts &#8211; Long-term car rental\" \/>\n<meta property=\"og:description\" content=\"Contacts Esmu izlas\u012bjis un piekr\u012btu vietnes noteikumiem un nosac\u012bjumiem\" \/>\n<meta property=\"og:url\" content=\"https:\/\/ilgtermina-noma.lv\/en\/contacts\/\" \/>\n<meta property=\"og:site_name\" content=\"Long-term car rental\" \/>\n<meta property=\"article:publisher\" content=\"https:\/\/www.facebook.com\/primecarrentriga\" \/>\n<meta property=\"article:modified_time\" content=\"2026-02-18T20:13:53+00:00\" \/>\n<meta property=\"og:image\" content=\"https:\/\/ilgtermina-noma.lv\/wp-content\/uploads\/2024\/12\/ilgtermina-noma-kontakti-1.jpg\" \/>\n\t<meta property=\"og:image:width\" content=\"2280\" \/>\n\t<meta property=\"og:image:height\" content=\"1280\" \/>\n\t<meta property=\"og:image:type\" content=\"image\/jpeg\" \/>\n<meta name=\"twitter:card\" content=\"summary_large_image\" \/>\n<meta name=\"twitter:label1\" content=\"Est. reading time\" \/>\n\t<meta name=\"twitter:data1\" content=\"1 minute\" \/>\n<script type=\"application\/ld+json\" class=\"yoast-schema-graph\">{\"@context\":\"https:\\\/\\\/schema.org\",\"@graph\":[{\"@type\":\"WebPage\",\"@id\":\"https:\\\/\\\/ilgtermina-noma.lv\\\/en\\\/contacts\\\/\",\"url\":\"https:\\\/\\\/ilgtermina-noma.lv\\\/en\\\/contacts\\\/\",\"name\":\"Contacts &#8211; Long-term car rental\",\"isPartOf\":{\"@id\":\"https:\\\/\\\/ilgtermina-noma.lv\\\/en\\\/#website\"},\"primaryImageOfPage\":{\"@id\":\"https:\\\/\\\/ilgtermina-noma.lv\\\/en\\\/contacts\\\/#primaryimage\"},\"image\":{\"@id\":\"https:\\\/\\\/ilgtermina-noma.lv\\\/en\\\/contacts\\\/#primaryimage\"},\"thumbnailUrl\":\"https:\\\/\\\/ilgtermina-noma.lv\\\/wp-content\\\/uploads\\\/2024\\\/12\\\/ilgtermina-noma-kontakti-1.jpg\",\"datePublished\":\"2025-06-10T10:54:10+00:00\",\"dateModified\":\"2026-02-18T20:13:53+00:00\",\"breadcrumb\":{\"@id\":\"https:\\\/\\\/ilgtermina-noma.lv\\\/en\\\/contacts\\\/#breadcrumb\"},\"inLanguage\":\"en-US\",\"potentialAction\":[{\"@type\":\"ReadAction\",\"target\":[\"https:\\\/\\\/ilgtermina-noma.lv\\\/en\\\/contacts\\\/\"]}]},{\"@type\":\"ImageObject\",\"inLanguage\":\"en-US\",\"@id\":\"https:\\\/\\\/ilgtermina-noma.lv\\\/en\\\/contacts\\\/#primaryimage\",\"url\":\"https:\\\/\\\/ilgtermina-noma.lv\\\/wp-content\\\/uploads\\\/2024\\\/12\\\/ilgtermina-noma-kontakti-1.jpg\",\"contentUrl\":\"https:\\\/\\\/ilgtermina-noma.lv\\\/wp-content\\\/uploads\\\/2024\\\/12\\\/ilgtermina-noma-kontakti-1.jpg\",\"width\":2280,\"height\":1280},{\"@type\":\"BreadcrumbList\",\"@id\":\"https:\\\/\\\/ilgtermina-noma.lv\\\/en\\\/contacts\\\/#breadcrumb\",\"itemListElement\":[{\"@type\":\"ListItem\",\"position\":1,\"name\":\"Home\",\"item\":\"https:\\\/\\\/ilgtermina-noma.lv\\\/en\\\/\"},{\"@type\":\"ListItem\",\"position\":2,\"name\":\"Contacts\"}]},{\"@type\":\"WebSite\",\"@id\":\"https:\\\/\\\/ilgtermina-noma.lv\\\/en\\\/#website\",\"url\":\"https:\\\/\\\/ilgtermina-noma.lv\\\/en\\\/\",\"name\":\"Long-term car rental\",\"description\":\"\",\"publisher\":{\"@id\":\"https:\\\/\\\/ilgtermina-noma.lv\\\/en\\\/#organization\"},\"potentialAction\":[{\"@type\":\"SearchAction\",\"target\":{\"@type\":\"EntryPoint\",\"urlTemplate\":\"https:\\\/\\\/ilgtermina-noma.lv\\\/en\\\/?s={search_term_string}\"},\"query-input\":{\"@type\":\"PropertyValueSpecification\",\"valueRequired\":true,\"valueName\":\"search_term_string\"}}],\"inLanguage\":\"en-US\"},{\"@type\":\"Organization\",\"@id\":\"https:\\\/\\\/ilgtermina-noma.lv\\\/en\\\/#organization\",\"name\":\"Long-term car rental\",\"url\":\"https:\\\/\\\/ilgtermina-noma.lv\\\/en\\\/\",\"logo\":{\"@type\":\"ImageObject\",\"inLanguage\":\"en-US\",\"@id\":\"https:\\\/\\\/ilgtermina-noma.lv\\\/en\\\/#\\\/schema\\\/logo\\\/image\\\/\",\"url\":\"https:\\\/\\\/ilgtermina-noma.lv\\\/wp-content\\\/uploads\\\/2024\\\/11\\\/cropped-logo_ilgtermina_noma.png\",\"contentUrl\":\"https:\\\/\\\/ilgtermina-noma.lv\\\/wp-content\\\/uploads\\\/2024\\\/11\\\/cropped-logo_ilgtermina_noma.png\",\"width\":512,\"height\":512,\"caption\":\"Long-term car rental\"},\"image\":{\"@id\":\"https:\\\/\\\/ilgtermina-noma.lv\\\/en\\\/#\\\/schema\\\/logo\\\/image\\\/\"},\"sameAs\":[\"https:\\\/\\\/www.facebook.com\\\/primecarrentriga\",\"https:\\\/\\\/www.tiktok.com\\\/@prime_car_rent\",\"https:\\\/\\\/www.instagram.com\\\/prime_car_rent\"]}]}<\/script>\n<!-- \/ Yoast SEO plugin. -->","yoast_head_json":{"title":"Contacts &#8211; Long-term car rental","robots":{"index":"index","follow":"follow","max-snippet":"max-snippet:-1","max-image-preview":"max-image-preview:large","max-video-preview":"max-video-preview:-1"},"canonical":"https:\/\/ilgtermina-noma.lv\/en\/contacts\/","og_locale":"en_US","og_type":"article","og_title":"Contacts &#8211; Long-term car rental","og_description":"Contacts Esmu izlas\u012bjis un piekr\u012btu vietnes noteikumiem un nosac\u012bjumiem","og_url":"https:\/\/ilgtermina-noma.lv\/en\/contacts\/","og_site_name":"Long-term car rental","article_publisher":"https:\/\/www.facebook.com\/primecarrentriga","article_modified_time":"2026-02-18T20:13:53+00:00","og_image":[{"width":2280,"height":1280,"url":"https:\/\/ilgtermina-noma.lv\/wp-content\/uploads\/2024\/12\/ilgtermina-noma-kontakti-1.jpg","type":"image\/jpeg"}],"twitter_card":"summary_large_image","twitter_misc":{"Est. reading time":"1 minute"},"schema":{"@context":"https:\/\/schema.org","@graph":[{"@type":"WebPage","@id":"https:\/\/ilgtermina-noma.lv\/en\/contacts\/","url":"https:\/\/ilgtermina-noma.lv\/en\/contacts\/","name":"Contacts &#8211; Long-term car rental","isPartOf":{"@id":"https:\/\/ilgtermina-noma.lv\/en\/#website"},"primaryImageOfPage":{"@id":"https:\/\/ilgtermina-noma.lv\/en\/contacts\/#primaryimage"},"image":{"@id":"https:\/\/ilgtermina-noma.lv\/en\/contacts\/#primaryimage"},"thumbnailUrl":"https:\/\/ilgtermina-noma.lv\/wp-content\/uploads\/2024\/12\/ilgtermina-noma-kontakti-1.jpg","datePublished":"2025-06-10T10:54:10+00:00","dateModified":"2026-02-18T20:13:53+00:00","breadcrumb":{"@id":"https:\/\/ilgtermina-noma.lv\/en\/contacts\/#breadcrumb"},"inLanguage":"en-US","potentialAction":[{"@type":"ReadAction","target":["https:\/\/ilgtermina-noma.lv\/en\/contacts\/"]}]},{"@type":"ImageObject","inLanguage":"en-US","@id":"https:\/\/ilgtermina-noma.lv\/en\/contacts\/#primaryimage","url":"https:\/\/ilgtermina-noma.lv\/wp-content\/uploads\/2024\/12\/ilgtermina-noma-kontakti-1.jpg","contentUrl":"https:\/\/ilgtermina-noma.lv\/wp-content\/uploads\/2024\/12\/ilgtermina-noma-kontakti-1.jpg","width":2280,"height":1280},{"@type":"BreadcrumbList","@id":"https:\/\/ilgtermina-noma.lv\/en\/contacts\/#breadcrumb","itemListElement":[{"@type":"ListItem","position":1,"name":"Home","item":"https:\/\/ilgtermina-noma.lv\/en\/"},{"@type":"ListItem","position":2,"name":"Contacts"}]},{"@type":"WebSite","@id":"https:\/\/ilgtermina-noma.lv\/en\/#website","url":"https:\/\/ilgtermina-noma.lv\/en\/","name":"Long-term car rental","description":"","publisher":{"@id":"https:\/\/ilgtermina-noma.lv\/en\/#organization"},"potentialAction":[{"@type":"SearchAction","target":{"@type":"EntryPoint","urlTemplate":"https:\/\/ilgtermina-noma.lv\/en\/?s={search_term_string}"},"query-input":{"@type":"PropertyValueSpecification","valueRequired":true,"valueName":"search_term_string"}}],"inLanguage":"en-US"},{"@type":"Organization","@id":"https:\/\/ilgtermina-noma.lv\/en\/#organization","name":"Long-term car rental","url":"https:\/\/ilgtermina-noma.lv\/en\/","logo":{"@type":"ImageObject","inLanguage":"en-US","@id":"https:\/\/ilgtermina-noma.lv\/en\/#\/schema\/logo\/image\/","url":"https:\/\/ilgtermina-noma.lv\/wp-content\/uploads\/2024\/11\/cropped-logo_ilgtermina_noma.png","contentUrl":"https:\/\/ilgtermina-noma.lv\/wp-content\/uploads\/2024\/11\/cropped-logo_ilgtermina_noma.png","width":512,"height":512,"caption":"Long-term car rental"},"image":{"@id":"https:\/\/ilgtermina-noma.lv\/en\/#\/schema\/logo\/image\/"},"sameAs":["https:\/\/www.facebook.com\/primecarrentriga","https:\/\/www.tiktok.com\/@prime_car_rent","https:\/\/www.instagram.com\/prime_car_rent"]}]}},"_links":{"self":[{"href":"https:\/\/ilgtermina-noma.lv\/en\/wp-json\/wp\/v2\/pages\/8859","targetHints":{"allow":["GET"]}}],"collection":[{"href":"https:\/\/ilgtermina-noma.lv\/en\/wp-json\/wp\/v2\/pages"}],"about":[{"href":"https:\/\/ilgtermina-noma.lv\/en\/wp-json\/wp\/v2\/types\/page"}],"author":[{"embeddable":true,"href":"https:\/\/ilgtermina-noma.lv\/en\/wp-json\/wp\/v2\/users\/1"}],"replies":[{"embeddable":true,"href":"https:\/\/ilgtermina-noma.lv\/en\/wp-json\/wp\/v2\/comments?post=8859"}],"version-history":[{"count":2,"href":"https:\/\/ilgtermina-noma.lv\/en\/wp-json\/wp\/v2\/pages\/8859\/revisions"}],"predecessor-version":[{"id":8861,"href":"https:\/\/ilgtermina-noma.lv\/en\/wp-json\/wp\/v2\/pages\/8859\/revisions\/8861"}],"wp:featuredmedia":[{"embeddable":true,"href":"https:\/\/ilgtermina-noma.lv\/en\/wp-json\/wp\/v2\/media\/4719"}],"wp:attachment":[{"href":"https:\/\/ilgtermina-noma.lv\/en\/wp-json\/wp\/v2\/media?parent=8859"}],"curies":[{"name":"wp","href":"https:\/\/api.w.org\/{rel}","templated":true}]}}